{"id":11,"date":"2016-02-12T16:15:26","date_gmt":"2016-02-12T15:15:26","guid":{"rendered":"http:\/\/www.jahnturnhalle-fv.de\/?page_id=11"},"modified":"2023-12-19T09:10:53","modified_gmt":"2023-12-19T08:10:53","slug":"der-foerderverein","status":"publish","type":"page","link":"https:\/\/www.jahnturnhalle-fv.de\/","title":{"rendered":"Der F\u00f6rderverein"},"content":{"rendered":"<div class=\"flex flex-grow flex-col max-w-full\">\n<div class=\"min-h-[20px] text-message flex flex-col items-start gap-3 whitespace-pre-wrap break-words [.text-message+&amp;]:mt-5 overflow-x-auto\" data-message-author-role=\"assistant\" data-message-id=\"c16c99b9-a710-4235-ad22-5035cbcb1be8\">\n<div class=\"markdown prose w-full break-words dark:prose-invert light\">\n<p>Der F\u00f6rderverein wurde ins Leben gerufen, um einen Beitrag zum Erhalt des Baudenkmals &#8220;Jahnturnhalle&#8221; zu leisten. Auf diese Weise erm\u00f6glicht er die finanzielle Unterst\u00fctzung von Projekten, die das Baudenkmal betreffen, insbesondere Sanierungs- und Instandhaltungsma\u00dfnahmen.<\/p>\n<p>Es ist wichtig zu betonen, dass der F\u00f6rderverein nicht den Sport an sich unterst\u00fctzt, sondern sich ausschlie\u00dflich auf Projekte konzentriert, die f\u00fcr die Erhaltung der Turnhalle erforderlich sind. Dies schlie\u00dft neben den Freunden des PTSV auch Unterst\u00fctzer ein, die sich speziell f\u00fcr Denkmalschutz, insbesondere f\u00fcr das Baudenkmal &#8220;Jahnturnhalle&#8221;, engagieren m\u00f6chten.<\/p>\n<\/div>\n<\/div>\n<\/div>\n","protected":false},"excerpt":{"rendered":"<p>Der F\u00f6rderverein wurde ins Leben gerufen, um einen Beitrag zum Erhalt des Baudenkmals &#8220;Jahnturnhalle&#8221; zu leisten. Auf diese Weise erm\u00f6glicht er die finanzielle Unterst\u00fctzung von Projekten, die das Baudenkmal betreffen, insbesondere Sanierungs- und Instandhaltungsma\u00dfnahmen. Es ist wichtig zu betonen, dass<\/p>\n","protected":false},"author":1,"featured_media":0,"parent":0,"menu_order":0,"comment_status":"closed","ping_status":"closed","template":"","meta":{"footnotes":""},"class_list":["post-11","page","type-page","status-publish","hentry"],"_links":{"self":[{"href":"https:\/\/www.jahnturnhalle-fv.de\/index.php\/wp-json\/wp\/v2\/pages\/11","targetHints":{"allow":["GET"]}}],"collection":[{"href":"https:\/\/www.jahnturnhalle-fv.de\/index.php\/wp-json\/wp\/v2\/pages"}],"about":[{"href":"https:\/\/www.jahnturnhalle-fv.de\/index.php\/wp-json\/wp\/v2\/types\/page"}],"author":[{"embeddable":true,"href":"https:\/\/www.jahnturnhalle-fv.de\/index.php\/wp-json\/wp\/v2\/users\/1"}],"replies":[{"embeddable":true,"href":"https:\/\/www.jahnturnhalle-fv.de\/index.php\/wp-json\/wp\/v2\/comments?post=11"}],"version-history":[{"count":6,"href":"https:\/\/www.jahnturnhalle-fv.de\/index.php\/wp-json\/wp\/v2\/pages\/11\/revisions"}],"predecessor-version":[{"id":156,"href":"https:\/\/www.jahnturnhalle-fv.de\/index.php\/wp-json\/wp\/v2\/pages\/11\/revisions\/156"}],"wp:attachment":[{"href":"https:\/\/www.jahnturnhalle-fv.de\/index.php\/wp-json\/wp\/v2\/media?parent=11"}],"curies":[{"name":"wp","href":"https:\/\/api.w.org\/{rel}","templated":true}]}}