{"id":125,"date":"2018-05-14T09:57:07","date_gmt":"2018-05-14T07:57:07","guid":{"rendered":"http:\/\/www.jahnturnhalle-fv.de\/?page_id=125"},"modified":"2018-05-14T10:12:14","modified_gmt":"2018-05-14T08:12:14","slug":"datenschutz","status":"publish","type":"page","link":"https:\/\/www.jahnturnhalle-fv.de\/index.php\/datenschutz\/","title":{"rendered":"Datenschutz"},"content":{"rendered":"<p><strong><span style=\"font-size: 10pt;\">Datenschutz<br \/>\n<\/span><\/strong><span style=\"font-size: 10pt;\">Die Betreiber dieser Seiten nehmen <\/span><span style=\"font-size: 10pt;\">den Schutz Ihrer pers\u00f6nlichen Daten sehr ernst. Wir behandeln Ihre personenbezogenen Daten <\/span><span style=\"font-size: 10pt;\">vertraulich und entsprechend der gesetzlichen Datenschutzvorschriften sowie dieser<\/span> <span style=\"font-size: 10pt;\">Datenschutzerkl\u00e4rung.<br \/>\nDie Nutzung unserer Website ist in der Regel ohne Angabe <\/span><span style=\"font-size: 10pt;\">personenbezogener Daten m\u00f6glich. Soweit auf unseren Seiten personenbezogene Daten <\/span><span style=\"font-size: 10pt;\">(beispielsweise Name, Anschrift oder E-Mail-Adressen) erhoben werden, erfolgt dies, soweit<\/span> <span style=\"font-size: 10pt;\">m\u00f6glich, stets auf freiwilliger Basis. Diese Daten werden ohne Ihre ausdr\u00fcckliche Zustimmung <\/span><span style=\"font-size: 10pt;\">nicht an Dritte weitergegeben.<strong><br \/>\n<\/strong><\/span><span style=\"font-size: 10pt;\">Wir weisen darauf hin, dass die Daten\u00fcbertragung im Internet<\/span> <span style=\"font-size: 10pt;\">(z.B. bei der Kommunikation per E-Mail) Sicherheitsl\u00fccken aufweisen kann. Ein l\u00fcckenloser <\/span><span style=\"font-size: 10pt;\">Schutz der Daten vor dem Zugriff durch Dritte ist nicht m\u00f6glich.<\/span><\/p>\n<p><strong><span style=\"font-size: 10pt;\">Cookies<\/span><\/strong><br \/>\n<span style=\"font-size: 10pt;\">Die Internetseiten verwenden teilweise so genannte Cookies. Cookies richten auf <\/span><span style=\"font-size: 10pt;\">Ihrem Rechner keinen Schaden an und enthalten keine Viren. Cookies dienen dazu, unser Angebot<\/span><br \/>\n<span style=\"font-size: 10pt;\"> nutzerfreundlicher, effektiver und sicherer zu machen. Cookies sind kleine Textdateien, die auf Ihrem <\/span><span style=\"font-size: 10pt;\">Rechner abgelegt werden und die Ihr Browser speichert.<br \/>\n<\/span><span style=\"font-size: 10pt;\">Die meisten der von uns verwendeten<\/span> <span style=\"font-size: 10pt;\">Cookies sind so genannte \u201eSession-Cookies\u201c. Sie werden nach Ende Ihres Besuchs automatisch <\/span><span style=\"font-size: 10pt;\">gel\u00f6scht. Andere Cookies bleiben auf Ihrem Endger\u00e4t gespeichert, bis Sie diese l\u00f6schen.<\/span> <span style=\"font-size: 10pt;\">Diese Cookies erm\u00f6glichen es uns, Ihren Browser beim n\u00e4chsten Besuch <\/span><span style=\"font-size: 10pt;\">wiederzuerkennen.<br \/>\n<\/span><span style=\"font-size: 10pt;\">Sie k\u00f6nnen Ihren Browser so einstellen, dass Sie \u00fcber das Setzen<\/span> <span style=\"font-size: 10pt;\">von Cookies informiert werden und Cookies nur im Einzelfall erlauben, die Annahme von Cookies f\u00fcr <\/span><span style=\"font-size: 10pt;\">bestimmte F\u00e4lle oder generell ausschlie\u00dfen sowie das automatische L\u00f6schen der<\/span> <span style=\"font-size: 10pt;\">Cookies beim Schlie\u00dfen des Browser aktivieren. Bei der Deaktivierung von Cookies kann die <\/span><span style=\"font-size: 10pt;\">Funktionalit\u00e4t dieser Website eingeschr\u00e4nkt sein.<\/span><\/p>\n<p><strong><span style=\"font-size: 10pt;\">Server-Log-<\/span><span style=\"font-size: 10pt;\">Files<br \/>\n<\/span><\/strong><span style=\"font-size: 10pt;\">Der Provider der Seiten erhebt und speichert automatisch Informationen in so genannten <\/span><span style=\"font-size: 10pt;\">Server-Log Files, die Ihr Browser automatisch an uns \u00fcbermittelt. Dies sind:<br \/>\n&#8211; Browsertyp und Browserversion<br \/>\n&#8211; verwendetes Betriebssystem<br \/>\n&#8211; Referrer URL<br \/>\n&#8211; Hostname des zugreifenden Rechners<br \/>\n&#8211; <\/span><span style=\"font-size: 10pt;\">Uhrzeit der Serveranfrage<\/span><\/p>\n<p><span style=\"font-size: 10pt;\">Diese Daten<\/span> <span style=\"font-size: 10pt;\">sind nicht bestimmten Personen zuordenbar. Eine Zusammenf\u00fchrung dieser Daten mit anderen <\/span><span style=\"font-size: 10pt;\">Datenquellen wird nicht vorgenommen. Wir behalten uns vor, diese Daten nachtr\u00e4glich zu<\/span> <span style=\"font-size: 10pt;\">pr\u00fcfen, wenn uns konkrete Anhaltspunkte f\u00fcr eine rechtswidrige Nutzung bekannt <\/span><span style=\"font-size: 10pt;\">werden.<\/span><\/p>\n<p><strong><span style=\"font-size: 10pt;\">Kontaktformular<br \/>\n<\/span><\/strong><span style=\"font-size: 10pt;\">Wenn Sie uns per Kontaktformular Anfragen <\/span><span style=\"font-size: 10pt;\">zukommen lassen, werden Ihre Angaben aus dem Anfrageformular inklusive der von Ihnen dort <\/span><span style=\"font-size: 10pt;\">angegebenen Kontaktdaten zwecks Bearbeitung der Anfrage und f\u00fcr den Fall von Anschlussfragen<\/span> <span style=\"font-size: 10pt;\">bei uns gespeichert. Diese Daten geben wir nicht ohne Ihre Einwilligung weiter.<\/span><\/p>\n<p><strong><span style=\"font-size: 10pt;\">Recht auf Auskunft, L\u00f6schung, Sperrung<br \/>\n<\/span><\/strong><span style=\"font-size: 10pt;\">Sie haben jederzeit das Recht auf <\/span><span style=\"font-size: 10pt;\">unentgeltliche Auskunft \u00fcber Ihre gespeicherten personenbezogenen Daten, deren Herkunft und <\/span><span style=\"font-size: 10pt;\">Empf\u00e4nger und den Zweck der Datenverarbeitung sowie ein Recht auf Berichtigung, Sperrung oder<\/span> <span style=\"font-size: 10pt;\">L\u00f6schung dieser Daten. Hierzu sowie zu weiteren Fragen zum Thema personenbezogene Daten <\/span><span style=\"font-size: 10pt;\">k\u00f6nnen Sie sich jederzeit unter der im Impressum angegebenen Adresse an uns<\/span> <span style=\"font-size: 10pt;\">wenden.<\/span><\/p>\n<p><strong><span style=\"font-size: 10pt;\">Widerspruch Werbe-Mails<br \/>\n<\/span><\/strong><span style=\"font-size: 10pt;\">Der Nutzung von im Rahmen der <\/span><span style=\"font-size: 10pt;\">Impressumspflicht ver\u00f6ffentlichten Kontaktdaten zur \u00dcbersendung von nicht ausdr\u00fccklich <\/span><span style=\"font-size: 10pt;\">angeforderter Werbung und Informationsmaterialien wird hiermit widersprochen. Die Betreiber der Seiten<\/span> <span style=\"font-size: 10pt;\">behalten sich ausdr\u00fccklich rechtliche Schritte im Falle der unverlangten Zusendung von Werbeinformationen, etwa durch Spam-E-Mails, vor.<\/span><\/p>\n<p><span style=\"font-size: 10pt;\">Quelle: <a href=\"https:\/\/www.e-recht24.de\">https:\/\/www.e-recht24.de<\/a><\/span><\/p>\n","protected":false},"excerpt":{"rendered":"<p>Datenschutz Die Betreiber dieser Seiten nehmen den Schutz Ihrer pers\u00f6nlichen Daten sehr ernst. Wir behandeln Ihre personenbezogenen Daten vertraulich und entsprechend der gesetzlichen Datenschutzvorschriften sowie dieser Datenschutzerkl\u00e4rung. Die Nutzung unserer Website ist in der Regel ohne Angabe personenbezogener Daten m\u00f6glich.<\/p>\n","protected":false},"author":1,"featured_media":0,"parent":0,"menu_order":0,"comment_status":"closed","ping_status":"closed","template":"","meta":{"footnotes":""},"class_list":["post-125","page","type-page","status-publish","hentry"],"_links":{"self":[{"href":"https:\/\/www.jahnturnhalle-fv.de\/index.php\/wp-json\/wp\/v2\/pages\/125","targetHints":{"allow":["GET"]}}],"collection":[{"href":"https:\/\/www.jahnturnhalle-fv.de\/index.php\/wp-json\/wp\/v2\/pages"}],"about":[{"href":"https:\/\/www.jahnturnhalle-fv.de\/index.php\/wp-json\/wp\/v2\/types\/page"}],"author":[{"embeddable":true,"href":"https:\/\/www.jahnturnhalle-fv.de\/index.php\/wp-json\/wp\/v2\/users\/1"}],"replies":[{"embeddable":true,"href":"https:\/\/www.jahnturnhalle-fv.de\/index.php\/wp-json\/wp\/v2\/comments?post=125"}],"version-history":[{"count":3,"href":"https:\/\/www.jahnturnhalle-fv.de\/index.php\/wp-json\/wp\/v2\/pages\/125\/revisions"}],"predecessor-version":[{"id":130,"href":"https:\/\/www.jahnturnhalle-fv.de\/index.php\/wp-json\/wp\/v2\/pages\/125\/revisions\/130"}],"wp:attachment":[{"href":"https:\/\/www.jahnturnhalle-fv.de\/index.php\/wp-json\/wp\/v2\/media?parent=125"}],"curies":[{"name":"wp","href":"https:\/\/api.w.org\/{rel}","templated":true}]}}