{"id":2,"date":"2016-02-12T12:03:47","date_gmt":"2016-02-12T11:03:47","guid":{"rendered":"http:\/\/www.jahnturnhalle-fv.de\/?page_id=2"},"modified":"2024-12-20T23:02:38","modified_gmt":"2024-12-20T22:02:38","slug":"beispiel-seite","status":"publish","type":"page","link":"https:\/\/www.jahnturnhalle-fv.de\/index.php\/beispiel-seite\/","title":{"rendered":"Impressum"},"content":{"rendered":"<p><span style=\"font-size: 10pt;\">Jahnturnhalle <\/span><span style=\"font-size: 10pt;\">F\u00f6rderverein e.V.<br \/>\n<\/span><span style=\"font-size: 10pt;\">Berliner Str. 2<br \/>\n<\/span><span style=\"font-size: 10pt;\">06112 Halle<\/span><\/p>\n<p><span style=\"font-size: 10pt;\"><strong>Vertreten durch<\/strong><br \/>\n<\/span><span style=\"font-size: 10pt;\">Hilmar <\/span><span style=\"font-size: 10pt;\">Bulka<\/span><\/p>\n<p><strong><span style=\"font-size: 10pt;\">Kontakt<br \/>\n<\/span><\/strong><span style=\"font-size: 10pt;\">Telefon: 01739740538<\/span><br \/>\n<span style=\"font-size: 10pt;\"> E-Mail: info@jahnturnhalle-fv.de<\/span><\/p>\n<p><strong><span style=\"font-size: 10pt;\">Verantwortlich f\u00fcr den Inhalt nach \u00a7 55 Abs. 2 RStV<br \/>\n<\/span><\/strong><span style=\"font-size: 10pt;\">Hilmar Bulka<\/span><\/p>\n<p><strong><span style=\"font-size: 10pt;\">Streitschlichtung<br \/>\n<\/span><\/strong><span style=\"font-size: 10pt;\">Wir sind nicht bereit oder verpflichtet, an Streitbeilegungsverfahren vor <\/span><span style=\"font-size: 10pt;\">einer Verbraucherschlichtungsstelle teilzunehmen.<\/span><\/p>\n<p><strong><span style=\"font-size: 10pt;\">Haftung f\u00fcr Inhalte<br \/>\n<\/span><\/strong><span style=\"font-size: 10pt;\">Als <\/span><span style=\"font-size: 10pt;\">Diensteanbieter sind wir gem\u00e4\u00df \u00a7 7 Abs.1 TMG f\u00fcr eigene Inhalte auf diesen Seiten <\/span><span style=\"font-size: 10pt;\">nach den allgemeinen Gesetzen verantwortlich. Nach \u00a7\u00a7 8 bis 10 TMG sind wir als<\/span><br \/>\n<span style=\"font-size: 10pt;\"> Diensteanbieter jedoch nicht verpflichtet, \u00fcbermittelte oder gespeicherte fremde Informationen zu <\/span><span style=\"font-size: 10pt;\">\u00fcberwachen oder nach Umst\u00e4nden zu forschen, die auf eine rechtswidrige T\u00e4tigkeit<\/span><br \/>\n<span style=\"font-size: 10pt;\"> hinweisen.<br \/>\n<\/span><span style=\"font-size: 10pt;\">Verpflichtungen zur Entfernung oder Sperrung der Nutzung von Informationen nach <\/span><span style=\"font-size: 10pt;\">den allgemeinen Gesetzen bleiben hiervon unber\u00fchrt. Eine diesbez\u00fcgliche Haftung ist jedoch<\/span><br \/>\n<span style=\"font-size: 10pt;\"> erst ab dem Zeitpunkt der Kenntnis einer konkreten Rechtsverletzung m\u00f6glich. Bei Bekanntwerden <\/span><span style=\"font-size: 10pt;\">von entsprechenden Rechtsverletzungen werden wir diese Inhalte umgehend entfernen.<\/span><\/p>\n<p><strong><span style=\"font-size: 10pt;\">Haftung f\u00fcr Links<br \/>\n<\/span><\/strong><span style=\"font-size: 10pt;\">Unser Angebot enth\u00e4lt Links zu externen Websites Dritter, auf <\/span><span style=\"font-size: 10pt;\">deren Inhalte wir keinen Einfluss haben. Deshalb k\u00f6nnen wir f\u00fcr diese fremden Inhalte auch <\/span><span style=\"font-size: 10pt;\">keine Gew\u00e4hr \u00fcbernehmen. F\u00fcr die Inhalte der verlinkten Seiten ist stets der jeweilige<\/span> <span style=\"font-size: 10pt;\">Anbieter oder Betreiber der Seiten verantwortlich. Die verlinkten Seiten wurden zum Zeitpunkt der <\/span><span style=\"font-size: 10pt;\">Verlinkung auf m\u00f6gliche Rechtsverst\u00f6\u00dfe \u00fcberpr\u00fcft. Rechtswidrige Inhalte<\/span> <span style=\"font-size: 10pt;\">waren zum Zeitpunkt der Verlinkung nicht erkennbar.<br \/>\n<\/span><span style=\"font-size: 10pt;\">Eine permanente inhaltliche Kontrolle der<\/span> <span style=\"font-size: 10pt;\">verlinkten Seiten ist jedoch ohne konkrete Anhaltspunkte einer Rechtsverletzung nicht zumutbar. Bei <\/span><span style=\"font-size: 10pt;\">Bekanntwerden von Rechtsverletzungen werden wir derartige Links umgehend entfernen.<\/span><\/p>\n<p><strong><span style=\"font-size: 10pt;\">Urheberrecht<br \/>\n<\/span><\/strong><span style=\"font-size: 10pt;\">Die durch die Seitenbetreiber erstellten Inhalte und Werke auf diesen Seiten<\/span> <span style=\"font-size: 10pt;\">unterliegen dem deutschen Urheberrecht. Die Vervielf\u00e4ltigung, Bearbeitung, Verbreitung und jede <\/span><span style=\"font-size: 10pt;\">Art der Verwertung au\u00dferhalb der Grenzen des Urheberrechtes bed\u00fcrfen der schriftlichen <\/span><span style=\"font-size: 10pt;\">Zustimmung des jeweiligen Autors bzw. Erstellers. Downloads und Kopien dieser Seite sind nur f\u00fcr<\/span><br \/>\n<span style=\"font-size: 10pt;\"> den privaten, nicht kommerziellen Gebrauch gestattet.<br \/>\n<\/span><span style=\"font-size: 10pt;\">Soweit die Inhalte auf dieser Seite nicht <\/span><span style=\"font-size: 10pt;\">vom Betreiber erstellt wurden, werden die Urheberrechte Dritter beachtet. Insbesondere werden Inhalte <\/span><span style=\"font-size: 10pt;\">Dritter als solche gekennzeichnet. Sollten Sie trotzdem auf eine Urheberrechtsverletzung aufmerksam<\/span> <span style=\"font-size: 10pt;\">werden, bitten wir um einen entsprechenden Hinweis. Bei Bekanntwerden von Rechtsverletzungen <\/span><span style=\"font-size: 10pt;\">werden wir derartige Inhalte umgehend entfernen.<\/span><\/p>\n<p><span style=\"font-size: 10pt;\">Quelle: <a href=\"https:\/\/www.erecht24. de\">eRecht24<\/a><\/span><\/p>\n","protected":false},"excerpt":{"rendered":"<p>Jahnturnhalle F\u00f6rderverein e.V. Berliner Str. 2 06112 Halle Vertreten durch Hilmar Bulka Kontakt Telefon: 01739740538 E-Mail: info@jahnturnhalle-fv.de Verantwortlich f\u00fcr den Inhalt nach \u00a7 55 Abs. 2 RStV Hilmar Bulka Streitschlichtung Wir sind nicht bereit oder verpflichtet, an Streitbeilegungsverfahren vor einer<\/p>\n","protected":false},"author":1,"featured_media":0,"parent":0,"menu_order":0,"comment_status":"closed","ping_status":"open","template":"","meta":{"footnotes":""},"class_list":["post-2","page","type-page","status-publish","hentry"],"_links":{"self":[{"href":"https:\/\/www.jahnturnhalle-fv.de\/index.php\/wp-json\/wp\/v2\/pages\/2","targetHints":{"allow":["GET"]}}],"collection":[{"href":"https:\/\/www.jahnturnhalle-fv.de\/index.php\/wp-json\/wp\/v2\/pages"}],"about":[{"href":"https:\/\/www.jahnturnhalle-fv.de\/index.php\/wp-json\/wp\/v2\/types\/page"}],"author":[{"embeddable":true,"href":"https:\/\/www.jahnturnhalle-fv.de\/index.php\/wp-json\/wp\/v2\/users\/1"}],"replies":[{"embeddable":true,"href":"https:\/\/www.jahnturnhalle-fv.de\/index.php\/wp-json\/wp\/v2\/comments?post=2"}],"version-history":[{"count":7,"href":"https:\/\/www.jahnturnhalle-fv.de\/index.php\/wp-json\/wp\/v2\/pages\/2\/revisions"}],"predecessor-version":[{"id":176,"href":"https:\/\/www.jahnturnhalle-fv.de\/index.php\/wp-json\/wp\/v2\/pages\/2\/revisions\/176"}],"wp:attachment":[{"href":"https:\/\/www.jahnturnhalle-fv.de\/index.php\/wp-json\/wp\/v2\/media?parent=2"}],"curies":[{"name":"wp","href":"https:\/\/api.w.org\/{rel}","templated":true}]}}